{"id":11,"date":"2013-02-02T13:20:32","date_gmt":"2013-02-02T11:20:32","guid":{"rendered":"http:\/\/iw.foto-marie.de\/?page_id=11"},"modified":"2026-03-28T12:41:02","modified_gmt":"2026-03-28T12:41:02","slug":"wirtschaft","status":"publish","type":"page","link":"https:\/\/ingerwirt-oberschneitbach.de\/wp\/?page_id=11","title":{"rendered":"Gastwirtschaft"},"content":{"rendered":"<p>Wir m\u00f6chten uns kurz vorstellen:<\/p>\n<p>Wir f\u00fchren unsere Gastwirtschaft in Oberschneitbach bei Aichach bereits in der vierten Generation, insgesamt wurde die Wirtschaft bereits vor \u00fcber 140 Jahren urkundlich erw\u00e4hnt!<\/p>\n<p>Sie finden uns, von Aichach\/Unterschneitbach aus kommend, direkt an der &#8218;Hauptstra\u00dfe&#8216;:<\/p>\n<p style=\"text-align: center;\"><img loading=\"lazy\" decoding=\"async\" class=\"aligncenter size-full wp-image-300\" src=\"https:\/\/ingerwirt-oberschneitbach.de\/wp\/wp-content\/uploads\/2014\/02\/Ingerwirt_Geb.png\" alt=\"Ingerwirt_Geb\" width=\"600\" height=\"400\" srcset=\"https:\/\/ingerwirt-oberschneitbach.de\/wp\/wp-content\/uploads\/2014\/02\/Ingerwirt_Geb.png 600w, https:\/\/ingerwirt-oberschneitbach.de\/wp\/wp-content\/uploads\/2014\/02\/Ingerwirt_Geb-300x200.png 300w, https:\/\/ingerwirt-oberschneitbach.de\/wp\/wp-content\/uploads\/2014\/02\/Ingerwirt_Geb-140x94.png 140w\" sizes=\"auto, (max-width: 600px) 100vw, 600px\" \/><\/p>\n<p><strong>Gaststube<\/strong><\/p>\n<p>Jederzeit ein Ort f\u00fcr sch\u00f6ne Stunden bei einem leckeren Essen &#8211; Im Winter urig-gem\u00fctlich mit eingeheiztem Kachelofen!<\/p>\n<p style=\"text-align: center;\">\u00a0<img loading=\"lazy\" decoding=\"async\" class=\"aligncenter size-full wp-image-307\" src=\"https:\/\/ingerwirt-oberschneitbach.de\/wp\/wp-content\/uploads\/2014\/02\/Stube.png\" alt=\"Stube\" width=\"600\" height=\"400\" srcset=\"https:\/\/ingerwirt-oberschneitbach.de\/wp\/wp-content\/uploads\/2014\/02\/Stube.png 600w, https:\/\/ingerwirt-oberschneitbach.de\/wp\/wp-content\/uploads\/2014\/02\/Stube-300x200.png 300w, https:\/\/ingerwirt-oberschneitbach.de\/wp\/wp-content\/uploads\/2014\/02\/Stube-140x94.png 140w\" sizes=\"auto, (max-width: 600px) 100vw, 600px\" \/><\/p>\n<p><strong>Biergarten<\/strong><\/p>\n<p style=\"text-align: center;\"><img loading=\"lazy\" decoding=\"async\" class=\"aligncenter size-full wp-image-120\" src=\"https:\/\/ingerwirt-oberschneitbach.de\/wp\/wp-content\/uploads\/2013\/02\/iw_biergarten.png\" alt=\"iw_biergarten\" width=\"600\" height=\"400\" srcset=\"https:\/\/ingerwirt-oberschneitbach.de\/wp\/wp-content\/uploads\/2013\/02\/iw_biergarten.png 600w, https:\/\/ingerwirt-oberschneitbach.de\/wp\/wp-content\/uploads\/2013\/02\/iw_biergarten-300x200.png 300w, https:\/\/ingerwirt-oberschneitbach.de\/wp\/wp-content\/uploads\/2013\/02\/iw_biergarten-140x94.png 140w\" sizes=\"auto, (max-width: 600px) 100vw, 600px\" \/><\/p>\n<p>Im Sommer bewirten wir Sie gerne in unserem kleinen, aber feinen Biergarten.<\/p>\n<p><strong>Festsaal<\/strong><\/p>\n<p>Unser Festsaal mit Platz ab 50 Personen bis zu 120 Personen bietet Ihnen gen\u00fcgend Raum f\u00fcr alle Anl\u00e4sse: Geburtstage, Hochzeiten, Tagungen. Sprechen Sie uns an!<\/p>\n<p><img loading=\"lazy\" decoding=\"async\" class=\"wp-image-332 size-full aligncenter\" src=\"https:\/\/ingerwirt-oberschneitbach.de\/wp\/wp-content\/uploads\/2013\/02\/saal3.png\" alt=\"saal3\" width=\"600\" height=\"400\" srcset=\"https:\/\/ingerwirt-oberschneitbach.de\/wp\/wp-content\/uploads\/2013\/02\/saal3.png 600w, https:\/\/ingerwirt-oberschneitbach.de\/wp\/wp-content\/uploads\/2013\/02\/saal3-300x200.png 300w, https:\/\/ingerwirt-oberschneitbach.de\/wp\/wp-content\/uploads\/2013\/02\/saal3-140x94.png 140w\" sizes=\"auto, (max-width: 600px) 100vw, 600px\" \/><\/p>\n<p><strong>Buffet im Saal<\/strong><\/p>\n\n\n<div class=\"wp-block-file\"><object class=\"wp-block-file__embed\" data=\"https:\/\/ingerwirt-oberschneitbach.de\/wp\/wp-content\/uploads\/2026\/03\/Buffet-im-Saal-April-2026.pdf\" type=\"application\/pdf\" style=\"width:100%;height:600px\" aria-label=\"Buffet-im-Saal-April-2026\"><\/object><a id=\"wp-block-file--media-ea84e51e-b7f0-4388-bcd4-365c7e5551f1\" href=\"https:\/\/ingerwirt-oberschneitbach.de\/wp\/wp-content\/uploads\/2026\/03\/Buffet-im-Saal-April-2026.pdf\">Buffet-im-Saal-April-2026<\/a><a href=\"https:\/\/ingerwirt-oberschneitbach.de\/wp\/wp-content\/uploads\/2026\/03\/Buffet-im-Saal-April-2026.pdf\" class=\"wp-block-file__button wp-element-button\" download=\"\" aria-describedby=\"wp-block-file--media-ea84e51e-b7f0-4388-bcd4-365c7e5551f1\">Herunterladen<\/a><\/div>\n","protected":false},"excerpt":{"rendered":"<p>Wir m\u00f6chten uns kurz vorstellen: Wir f\u00fchren unsere Gastwirtschaft in Oberschneitbach bei Aichach bereits in der vierten Generation, insgesamt wurde die Wirtschaft bereits vor \u00fcber 140 Jahren urkundlich erw\u00e4hnt! Sie finden uns, von Aichach\/Unterschneitbach aus kommend, direkt an der &#8218;Hauptstra\u00dfe&#8216;: Gaststube Jederzeit ein Ort f\u00fcr sch\u00f6ne Stunden bei einem leckeren Essen &#8211; Im Winter urig-gem\u00fctlich [&hellip;]<\/p>\n","protected":false},"author":2,"featured_media":0,"parent":0,"menu_order":0,"comment_status":"open","ping_status":"open","template":"page-full.php","meta":{"footnotes":""},"class_list":["post-11","page","type-page","status-publish","hentry"],"_links":{"self":[{"href":"https:\/\/ingerwirt-oberschneitbach.de\/wp\/index.php?rest_route=\/wp\/v2\/pages\/11","targetHints":{"allow":["GET"]}}],"collection":[{"href":"https:\/\/ingerwirt-oberschneitbach.de\/wp\/index.php?rest_route=\/wp\/v2\/pages"}],"about":[{"href":"https:\/\/ingerwirt-oberschneitbach.de\/wp\/index.php?rest_route=\/wp\/v2\/types\/page"}],"author":[{"embeddable":true,"href":"https:\/\/ingerwirt-oberschneitbach.de\/wp\/index.php?rest_route=\/wp\/v2\/users\/2"}],"replies":[{"embeddable":true,"href":"https:\/\/ingerwirt-oberschneitbach.de\/wp\/index.php?rest_route=%2Fwp%2Fv2%2Fcomments&post=11"}],"version-history":[{"count":15,"href":"https:\/\/ingerwirt-oberschneitbach.de\/wp\/index.php?rest_route=\/wp\/v2\/pages\/11\/revisions"}],"predecessor-version":[{"id":1791,"href":"https:\/\/ingerwirt-oberschneitbach.de\/wp\/index.php?rest_route=\/wp\/v2\/pages\/11\/revisions\/1791"}],"wp:attachment":[{"href":"https:\/\/ingerwirt-oberschneitbach.de\/wp\/index.php?rest_route=%2Fwp%2Fv2%2Fmedia&parent=11"}],"curies":[{"name":"wp","href":"https:\/\/api.w.org\/{rel}","templated":true}]}}