{"id":133,"date":"2013-02-15T22:28:51","date_gmt":"2013-02-15T20:28:51","guid":{"rendered":"http:\/\/iw.foto-marie.de\/?page_id=133"},"modified":"2026-03-28T12:27:01","modified_gmt":"2026-03-28T12:27:01","slug":"partyservice","status":"publish","type":"page","link":"https:\/\/ingerwirt-oberschneitbach.de\/wp\/?page_id=133","title":{"rendered":"Partyservice"},"content":{"rendered":"<p>Wir bieten Ihnen mit unserem Partyservice einen ganz besonderen Service:<\/p>\n<p>Sie w\u00e4hlen aus unserer reichhaltigen Karte Ihr Wunsch-Buffet &#8211; den Rest erledigen wir!<\/p>\n<p>Vorbereitung, Lieferung, Essensausgabe &#8211; wir stehen Ihnen jederzeit mit Rat und Tat zur Seite. Sprechen Sie uns f\u00fcr ein individuelles Angebot an. Wir freuen uns darauf, Sie bei Ihrer Feier mit kleinen und gr\u00f6\u00dferen K\u00f6stlichkeiten zu \u00fcberraschen!<\/p>\n<p><img loading=\"lazy\" decoding=\"async\" class=\"aligncenter size-full wp-image-286\" src=\"https:\/\/ingerwirt-oberschneitbach.de\/wp\/wp-content\/uploads\/2014\/02\/Partysrv1.png\" alt=\"Partysrv1\" width=\"600\" height=\"400\"><\/p>\n<p>Hier finden Sie unsere aktuellen Angebote:<\/p>\n<p>&#8211; Stellen Sie sich ihr Buffet individuell zusammen<\/p>\n<p><img loading=\"lazy\" decoding=\"async\" class=\"aligncenter size-full wp-image-297\" src=\"https:\/\/ingerwirt-oberschneitbach.de\/wp\/wp-content\/uploads\/2014\/02\/Partysrv3.png\" alt=\"Partysrv3\" width=\"400\" height=\"600\"><\/p>\n\n\n<div class=\"wp-block-file\"><object class=\"wp-block-file__embed\" data=\"https:\/\/ingerwirt-oberschneitbach.de\/wp\/wp-content\/uploads\/2026\/03\/Partyservice-April-2026.pdf\" type=\"application\/pdf\" style=\"width:100%;height:600px\" aria-label=\"Partyservice Oktober 2025\"><\/object><a id=\"wp-block-file--media-2c0cd3c7-7ead-4b1c-b8f2-168299b83a2d\" href=\"https:\/\/ingerwirt-oberschneitbach.de\/wp\/wp-content\/uploads\/2026\/03\/Partyservice-April-2026.pdf\">Partyservice April 2026<\/a><a href=\"https:\/\/ingerwirt-oberschneitbach.de\/wp\/wp-content\/uploads\/2026\/03\/Partyservice-April-2026.pdf\" class=\"wp-block-file__button wp-element-button\" download=\"\" aria-describedby=\"wp-block-file--media-2c0cd3c7-7ead-4b1c-b8f2-168299b83a2d\">Herunterladen<\/a><\/div>\n","protected":false},"excerpt":{"rendered":"<p>Wir bieten Ihnen mit unserem Partyservice einen ganz besonderen Service: Sie w\u00e4hlen aus unserer reichhaltigen Karte Ihr Wunsch-Buffet &#8211; den Rest erledigen wir! Vorbereitung, Lieferung, Essensausgabe &#8211; wir stehen Ihnen jederzeit mit Rat und Tat zur Seite. Sprechen Sie uns f\u00fcr ein individuelles Angebot an. Wir freuen uns darauf, Sie bei Ihrer Feier mit kleinen [&hellip;]<\/p>\n","protected":false},"author":2,"featured_media":272,"parent":0,"menu_order":0,"comment_status":"open","ping_status":"open","template":"page-full.php","meta":{"footnotes":""},"class_list":["post-133","page","type-page","status-publish","has-post-thumbnail","hentry"],"_links":{"self":[{"href":"https:\/\/ingerwirt-oberschneitbach.de\/wp\/index.php?rest_route=\/wp\/v2\/pages\/133","targetHints":{"allow":["GET"]}}],"collection":[{"href":"https:\/\/ingerwirt-oberschneitbach.de\/wp\/index.php?rest_route=\/wp\/v2\/pages"}],"about":[{"href":"https:\/\/ingerwirt-oberschneitbach.de\/wp\/index.php?rest_route=\/wp\/v2\/types\/page"}],"author":[{"embeddable":true,"href":"https:\/\/ingerwirt-oberschneitbach.de\/wp\/index.php?rest_route=\/wp\/v2\/users\/2"}],"replies":[{"embeddable":true,"href":"https:\/\/ingerwirt-oberschneitbach.de\/wp\/index.php?rest_route=%2Fwp%2Fv2%2Fcomments&post=133"}],"version-history":[{"count":13,"href":"https:\/\/ingerwirt-oberschneitbach.de\/wp\/index.php?rest_route=\/wp\/v2\/pages\/133\/revisions"}],"predecessor-version":[{"id":1781,"href":"https:\/\/ingerwirt-oberschneitbach.de\/wp\/index.php?rest_route=\/wp\/v2\/pages\/133\/revisions\/1781"}],"wp:featuredmedia":[{"embeddable":true,"href":"https:\/\/ingerwirt-oberschneitbach.de\/wp\/index.php?rest_route=\/wp\/v2\/media\/272"}],"wp:attachment":[{"href":"https:\/\/ingerwirt-oberschneitbach.de\/wp\/index.php?rest_route=%2Fwp%2Fv2%2Fmedia&parent=133"}],"curies":[{"name":"wp","href":"https:\/\/api.w.org\/{rel}","templated":true}]}}