{"id":225,"date":"2013-12-26T18:41:53","date_gmt":"2013-12-26T16:41:53","guid":{"rendered":"http:\/\/iw.foto-marie.de\/?page_id=225"},"modified":"2026-03-26T21:14:08","modified_gmt":"2026-03-26T21:14:08","slug":"aktuelles","status":"publish","type":"page","link":"https:\/\/ingerwirt-oberschneitbach.de\/wp\/?page_id=225","title":{"rendered":"Aktuelles"},"content":{"rendered":"<p>Unsere Gastst\u00e4tte ist am Sonntag von 11.15 bis 14.00 Uhr ge\u00f6ffnet.<\/p>\n<p>F\u00fcr Feierlichkeiten bitte Termin vereinbaren.<\/p>\n<p>&nbsp;<\/p>\n\n\n<div data-wp-interactive=\"core\/file\" class=\"wp-block-file\"><object data-wp-bind--hidden=\"!state.hasPdfPreview\" hidden class=\"wp-block-file__embed\" data=\"https:\/\/ingerwirt-oberschneitbach.de\/wp\/wp-content\/uploads\/2025\/10\/Partyservice-Oktober-2025.pdf\" type=\"application\/pdf\" style=\"width:100%;height:600px\" aria-label=\"Einbettung von Partyservice Oktober 2025.\"><\/object><a id=\"wp-block-file--media-764914e8-53ce-4c38-a084-770ad360bf77\" href=\"https:\/\/ingerwirt-oberschneitbach.de\/wp\/wp-content\/uploads\/2025\/10\/Partyservice-Oktober-2025.pdf\">Partyservice Oktober 2025<\/a><a href=\"https:\/\/ingerwirt-oberschneitbach.de\/wp\/wp-content\/uploads\/2025\/10\/Partyservice-Oktober-2025.pdf\" class=\"wp-block-file__button wp-element-button\" download aria-describedby=\"wp-block-file--media-764914e8-53ce-4c38-a084-770ad360bf77\">Herunterladen<\/a><\/div>\n","protected":false},"excerpt":{"rendered":"<p>Unsere Gastst\u00e4tte ist am Sonntag von 11.15 bis 14.00 Uhr ge\u00f6ffnet. F\u00fcr Feierlichkeiten bitte Termin vereinbaren. &nbsp;<\/p>\n","protected":false},"author":2,"featured_media":0,"parent":0,"menu_order":0,"comment_status":"open","ping_status":"open","template":"page-template-menu.php","meta":{"footnotes":""},"class_list":["post-225","page","type-page","status-publish","hentry"],"_links":{"self":[{"href":"https:\/\/ingerwirt-oberschneitbach.de\/wp\/index.php?rest_route=\/wp\/v2\/pages\/225","targetHints":{"allow":["GET"]}}],"collection":[{"href":"https:\/\/ingerwirt-oberschneitbach.de\/wp\/index.php?rest_route=\/wp\/v2\/pages"}],"about":[{"href":"https:\/\/ingerwirt-oberschneitbach.de\/wp\/index.php?rest_route=\/wp\/v2\/types\/page"}],"author":[{"embeddable":true,"href":"https:\/\/ingerwirt-oberschneitbach.de\/wp\/index.php?rest_route=\/wp\/v2\/users\/2"}],"replies":[{"embeddable":true,"href":"https:\/\/ingerwirt-oberschneitbach.de\/wp\/index.php?rest_route=%2Fwp%2Fv2%2Fcomments&post=225"}],"version-history":[{"count":11,"href":"https:\/\/ingerwirt-oberschneitbach.de\/wp\/index.php?rest_route=\/wp\/v2\/pages\/225\/revisions"}],"predecessor-version":[{"id":1771,"href":"https:\/\/ingerwirt-oberschneitbach.de\/wp\/index.php?rest_route=\/wp\/v2\/pages\/225\/revisions\/1771"}],"wp:attachment":[{"href":"https:\/\/ingerwirt-oberschneitbach.de\/wp\/index.php?rest_route=%2Fwp%2Fv2%2Fmedia&parent=225"}],"curies":[{"name":"wp","href":"https:\/\/api.w.org\/{rel}","templated":true}]}}